{"id":12278,"date":"2023-12-06T12:08:23","date_gmt":"2023-12-06T12:08:23","guid":{"rendered":"https:\/\/steuer59.ch\/earthnbirth\/?page_id=12278"},"modified":"2024-11-22T15:08:52","modified_gmt":"2024-11-22T15:08:52","slug":"schwangerschaft","status":"publish","type":"page","link":"https:\/\/earthnbirth.ch\/index.php\/schwangerschaft\/","title":{"rendered":"Schwangerschaft"},"content":{"rendered":"\t\t<div data-elementor-type=\"wp-page\" data-elementor-id=\"12278\" class=\"elementor elementor-12278\">\n\t\t\t\t\t\t\t\t\t<section class=\"elementor-section elementor-top-section elementor-element elementor-element-fffbc9c elementor-section-full_width elementor-section-height-default elementor-section-height-default\" data-id=\"fffbc9c\" data-element_type=\"section\">\n\t\t\t\t\t\t<div class=\"elementor-container elementor-column-gap-default\">\n\t\t\t\t\t<div class=\"elementor-column elementor-col-100 elementor-top-column elementor-element elementor-element-2e669cb\" data-id=\"2e669cb\" data-element_type=\"column\">\n\t\t\t<div class=\"elementor-widget-wrap elementor-element-populated\">\n\t\t\t\t\t\t\t\t<div class=\"elementor-element elementor-element-9754d28 elementor-widget__width-auto elementor-hidden-desktop elementor-hidden-tablet elementor-widget elementor-widget-ashtanga_core_custom_font\" data-id=\"9754d28\" data-element_type=\"widget\" data-widget_type=\"ashtanga_core_custom_font.default\">\n\t\t\t\t<div class=\"elementor-widget-container\">\n\t\t\t<p class=\"qodef-shortcode qodef-m  qodef-custom-font qodef-custom-font-623 qodef-layout--simple   \" style=\"font-family: Edensor;font-size: 120px;line-height: 220px;text-transform: uppercase\"   >\n\t<span class=\"qodef-custom-font-inner\">\n\t\tSchwangerschaft\t<\/span>\n<\/p>\n\t\t<\/div>\n\t\t\t\t<\/div>\n\t\t\t\t<div class=\"elementor-element elementor-element-7d0ea7f elementor-widget__width-auto elementor-hidden-tablet elementor-hidden-mobile elementor-widget elementor-widget-ashtanga_core_custom_font\" data-id=\"7d0ea7f\" data-element_type=\"widget\" data-widget_type=\"ashtanga_core_custom_font.default\">\n\t\t\t\t<div class=\"elementor-widget-container\">\n\t\t\t<p class=\"qodef-shortcode qodef-m  qodef-custom-font qodef-custom-font-607 qodef-layout--simple   \" style=\"font-family: Edensor;font-size: 120px;line-height: 220px;text-transform: uppercase\"   >\n\t<span class=\"qodef-custom-font-inner\">\n\t\tSchwangerschaft\t<\/span>\n<\/p>\n\t\t<\/div>\n\t\t\t\t<\/div>\n\t\t\t\t\t<\/div>\n\t\t<\/div>\n\t\t\t\t\t\t\t<\/div>\n\t\t<\/section>\n\t\t<div class=\"elementor-element elementor-element-b949202 e-flex e-con-boxed e-con e-parent\" data-id=\"b949202\" data-element_type=\"container\" data-settings=\"{&quot;content_width&quot;:&quot;boxed&quot;}\" data-core-v316-plus=\"true\">\n\t\t\t\t\t<div class=\"e-con-inner\">\n\t\t<div class=\"elementor-element elementor-element-9528499 e-con-full e-flex e-con e-child\" data-id=\"9528499\" data-element_type=\"container\" data-settings=\"{&quot;content_width&quot;:&quot;full&quot;}\">\n\t\t<div class=\"elementor-element elementor-element-bd6f8c9 e-flex e-con-boxed e-con e-child\" data-id=\"bd6f8c9\" data-element_type=\"container\" data-settings=\"{&quot;content_width&quot;:&quot;boxed&quot;}\">\n\t\t\t\t\t<div class=\"e-con-inner\">\n\t\t\t\t<div class=\"elementor-element elementor-element-d0eafe1 elementor-widget__width-auto elementor-widget elementor-widget-ashtanga_core_button\" data-id=\"d0eafe1\" data-element_type=\"widget\" data-widget_type=\"ashtanga_core_button.default\">\n\t\t\t\t<div class=\"elementor-widget-container\">\n\t\t\t<a class=\"qodef-shortcode qodef-m  qodef-button qodef-layout--filled   qodef-html--link\" href=\"https:\/\/earthnbirth.ch\/index.php\/contact-us\/\" target=\"_self\"  >\n\t<span class=\"qodef-m-text\">Kontaktieren<\/span>\n<\/a>\n\t\t<\/div>\n\t\t\t\t<\/div>\n\t\t\t\t\t<\/div>\n\t\t\t\t<\/div>\n\t\t<div class=\"elementor-element elementor-element-495a78a e-flex e-con-boxed e-con e-child\" data-id=\"495a78a\" data-element_type=\"container\" data-settings=\"{&quot;content_width&quot;:&quot;boxed&quot;}\">\n\t\t\t\t\t<div class=\"e-con-inner\">\n\t\t\t\t<div class=\"elementor-element elementor-element-cca6cc9 elementor-widget__width-auto elementor-widget elementor-widget-ashtanga_core_button\" data-id=\"cca6cc9\" data-element_type=\"widget\" data-widget_type=\"ashtanga_core_button.default\">\n\t\t\t\t<div class=\"elementor-widget-container\">\n\t\t\t<a class=\"qodef-shortcode qodef-m  qodef-button qodef-layout--textual   qodef-html--link\" href=\"https:\/\/earthnbirth.ch\/index.php\/pricing-plans\/\" target=\"_self\"  >\n\t<span class=\"qodef-m-text\">Tarife<\/span>\n\t\t<svg class=\"qodef-svg--button-arrow qodef-m-arrow\" xmlns=\"http:\/\/www.w3.org\/2000\/svg\" width=\"37.833\" height=\"18.959\"\n     viewBox=\"0 0 37.833 18.959\"><path fill=\"none\" stroke=\"currentColor\" d=\"M37.828 9.371H0\"\/><path fill=\"none\" stroke=\"currentColor\" d=\"M37.83 9.48S28.651 9.403 26.143.131\"\/><path fill=\"none\" stroke=\"currentColor\" d=\"M37.83 9.479s-9.179.077-11.687 9.349\"\/><\/svg>\t<\/a>\n\t\t<\/div>\n\t\t\t\t<\/div>\n\t\t\t\t<div class=\"elementor-element elementor-element-b303ec6 elementor-widget elementor-widget-text-editor\" data-id=\"b303ec6\" data-element_type=\"widget\" data-widget_type=\"text-editor.default\">\n\t\t\t\t<div class=\"elementor-widget-container\">\n\t\t\t<style>\/*! elementor - v3.18.0 - 04-12-2023 *\/\n.elementor-widget-text-editor.elementor-drop-cap-view-stacked .elementor-drop-cap{background-color:#69727d;color:#fff}.elementor-widget-text-editor.elementor-drop-cap-view-framed .elementor-drop-cap{color:#69727d;border:3px solid;background-color:transparent}.elementor-widget-text-editor:not(.elementor-drop-cap-view-default) .elementor-drop-cap{margin-top:8px}.elementor-widget-text-editor:not(.elementor-drop-cap-view-default) .elementor-drop-cap-letter{width:1em;height:1em}.elementor-widget-text-editor .elementor-drop-cap{float:left;text-align:center;line-height:1;font-size:50px}.elementor-widget-text-editor .elementor-drop-cap-letter{display:inline-block}<\/style>\t\t\t\t<p>Die Schwangerschaft ist eine Zeit der unvergleichlichen Transformation, in der sich das Wunder des Lebens in der Verbindung zwischen Mutter und Kind entfaltet. Es ist eine Reise voller bedeutsamer Momente, in der die Hoffnung auf Neues und die Liebe zum Ungeborenen wachsen.<\/p><p>Meine Begleitung w\u00e4hrend dieser kostbaren Zeit ist darauf ausgerichtet, Ihnen als Mutter in jeder Phase Unterst\u00fctzung, Sicherheit und Vertrauen zu bieten. Hier ist, wie ich Sie auf Ihrem Weg begleiten kann: Was bereits steht.. Geburtsvorbereitung, emotionale Unterst\u00fctzung, nat\u00fcrliche Heilmethoden, Ern\u00e4hrungsberatung, usw.<\/p>\t\t\t\t\t\t<\/div>\n\t\t\t\t<\/div>\n\t\t\t\t\t<\/div>\n\t\t\t\t<\/div>\n\t\t\t\t<\/div>\n\t\t<div class=\"elementor-element elementor-element-431830d e-con-full e-flex e-con e-child\" data-id=\"431830d\" data-element_type=\"container\" data-settings=\"{&quot;content_width&quot;:&quot;full&quot;}\">\n\t\t\t\t<div class=\"elementor-element elementor-element-8527526 elementor-widget elementor-widget-image\" data-id=\"8527526\" data-element_type=\"widget\" data-widget_type=\"image.default\">\n\t\t\t\t<div class=\"elementor-widget-container\">\n\t\t\t<style>\/*! elementor - v3.18.0 - 04-12-2023 *\/\n.elementor-widget-image{text-align:center}.elementor-widget-image a{display:inline-block}.elementor-widget-image a img[src$=\".svg\"]{width:48px}.elementor-widget-image img{vertical-align:middle;display:inline-block}<\/style>\t\t\t\t\t\t\t\t\t\t\t\t<img fetchpriority=\"high\" decoding=\"async\" width=\"1024\" height=\"768\" src=\"https:\/\/earthnbirth.ch\/wp-content\/uploads\/2023\/12\/IMG_1675-1024x768.jpg\" class=\"attachment-large size-large wp-image-12345\" alt=\"\" srcset=\"https:\/\/earthnbirth.ch\/wp-content\/uploads\/2023\/12\/IMG_1675-1024x768.jpg 1024w, https:\/\/earthnbirth.ch\/wp-content\/uploads\/2023\/12\/IMG_1675-300x225.jpg 300w, https:\/\/earthnbirth.ch\/wp-content\/uploads\/2023\/12\/IMG_1675-768x576.jpg 768w, https:\/\/earthnbirth.ch\/wp-content\/uploads\/2023\/12\/IMG_1675-1536x1152.jpg 1536w, https:\/\/earthnbirth.ch\/wp-content\/uploads\/2023\/12\/IMG_1675-2048x1536.jpg 2048w, https:\/\/earthnbirth.ch\/wp-content\/uploads\/2023\/12\/IMG_1675-600x450.jpg 600w\" sizes=\"(max-width: 1024px) 100vw, 1024px\" \/>\t\t\t\t\t\t\t\t\t\t\t\t\t\t\t<\/div>\n\t\t\t\t<\/div>\n\t\t\t\t<\/div>\n\t\t\t\t\t<\/div>\n\t\t\t\t<\/div>\n\t\t\t\t\t\t\t<\/div>\n\t\t","protected":false},"excerpt":{"rendered":"<p>Schwangerschaft Schwangerschaft Kontaktieren Tarife Die Schwangerschaft ist eine Zeit der unvergleichlichen Transformation, in der sich das Wunder des Lebens in der Verbindung zwischen Mutter und Kind entfaltet. Es ist eine Reise voller bedeutsamer Momente, in der die Hoffnung auf Neues und die Liebe zum Ungeborenen wachsen. Meine Begleitung w\u00e4hrend dieser kostbaren Zeit ist darauf ausgerichtet, [&hellip;]<\/p>\n","protected":false},"author":1,"featured_media":0,"parent":0,"menu_order":0,"comment_status":"closed","ping_status":"closed","template":"page-full-width.php","meta":{"footnotes":""},"class_list":["post-12278","page","type-page","status-publish","hentry"],"_links":{"self":[{"href":"https:\/\/earthnbirth.ch\/index.php\/wp-json\/wp\/v2\/pages\/12278","targetHints":{"allow":["GET"]}}],"collection":[{"href":"https:\/\/earthnbirth.ch\/index.php\/wp-json\/wp\/v2\/pages"}],"about":[{"href":"https:\/\/earthnbirth.ch\/index.php\/wp-json\/wp\/v2\/types\/page"}],"author":[{"embeddable":true,"href":"https:\/\/earthnbirth.ch\/index.php\/wp-json\/wp\/v2\/users\/1"}],"replies":[{"embeddable":true,"href":"https:\/\/earthnbirth.ch\/index.php\/wp-json\/wp\/v2\/comments?post=12278"}],"version-history":[{"count":136,"href":"https:\/\/earthnbirth.ch\/index.php\/wp-json\/wp\/v2\/pages\/12278\/revisions"}],"predecessor-version":[{"id":13328,"href":"https:\/\/earthnbirth.ch\/index.php\/wp-json\/wp\/v2\/pages\/12278\/revisions\/13328"}],"wp:attachment":[{"href":"https:\/\/earthnbirth.ch\/index.php\/wp-json\/wp\/v2\/media?parent=12278"}],"curies":[{"name":"wp","href":"https:\/\/api.w.org\/{rel}","templated":true}]}}