{"id":12280,"date":"2023-12-06T12:08:41","date_gmt":"2023-12-06T12:08:41","guid":{"rendered":"https:\/\/steuer59.ch\/earthnbirth\/?page_id=12280"},"modified":"2024-06-10T20:07:46","modified_gmt":"2024-06-10T20:07:46","slug":"geburt","status":"publish","type":"page","link":"https:\/\/earthnbirth.ch\/index.php\/geburt\/","title":{"rendered":"Geburt"},"content":{"rendered":"\t\t<div data-elementor-type=\"wp-page\" data-elementor-id=\"12280\" class=\"elementor elementor-12280\">\n\t\t\t\t\t\t\t\t\t<section class=\"elementor-section elementor-top-section elementor-element elementor-element-fffbc9c elementor-section-full_width elementor-section-height-default elementor-section-height-default\" data-id=\"fffbc9c\" data-element_type=\"section\">\n\t\t\t\t\t\t<div class=\"elementor-container elementor-column-gap-default\">\n\t\t\t\t\t<div class=\"elementor-column elementor-col-100 elementor-top-column elementor-element elementor-element-2e669cb\" data-id=\"2e669cb\" data-element_type=\"column\">\n\t\t\t<div class=\"elementor-widget-wrap elementor-element-populated\">\n\t\t\t\t\t\t\t\t<div class=\"elementor-element elementor-element-9754d28 elementor-widget__width-auto elementor-widget elementor-widget-ashtanga_core_custom_font\" data-id=\"9754d28\" data-element_type=\"widget\" data-widget_type=\"ashtanga_core_custom_font.default\">\n\t\t\t\t<div class=\"elementor-widget-container\">\n\t\t\t<p class=\"qodef-shortcode qodef-m  qodef-custom-font qodef-custom-font-48 qodef-layout--simple   \" style=\"font-family: Edensor;font-size: 120px;line-height: 240px;text-transform: uppercase\"   >\n\t<span class=\"qodef-custom-font-inner\">\n\t\tGeburt\t<\/span>\n<\/p>\n\t\t<\/div>\n\t\t\t\t<\/div>\n\t\t\t\t\t<\/div>\n\t\t<\/div>\n\t\t\t\t\t\t\t<\/div>\n\t\t<\/section>\n\t\t<div class=\"elementor-element elementor-element-7b55391 e-flex e-con-boxed e-con e-parent\" data-id=\"7b55391\" data-element_type=\"container\" data-settings=\"{&quot;content_width&quot;:&quot;boxed&quot;}\" data-core-v316-plus=\"true\">\n\t\t\t\t\t<div class=\"e-con-inner\">\n\t\t<div class=\"elementor-element elementor-element-38d0982 e-con-full e-flex e-con e-child\" data-id=\"38d0982\" data-element_type=\"container\" data-settings=\"{&quot;content_width&quot;:&quot;full&quot;}\">\n\t\t<div class=\"elementor-element elementor-element-571180c e-flex e-con-boxed e-con e-child\" data-id=\"571180c\" data-element_type=\"container\" data-settings=\"{&quot;content_width&quot;:&quot;boxed&quot;}\">\n\t\t\t\t\t<div class=\"e-con-inner\">\n\t\t\t\t<div class=\"elementor-element elementor-element-02b84c1 elementor-widget__width-auto elementor-widget elementor-widget-ashtanga_core_button\" data-id=\"02b84c1\" data-element_type=\"widget\" data-widget_type=\"ashtanga_core_button.default\">\n\t\t\t\t<div class=\"elementor-widget-container\">\n\t\t\t<a class=\"qodef-shortcode qodef-m  qodef-button qodef-layout--filled   qodef-html--link\" href=\"https:\/\/earthnbirth.ch\/index.php\/contact-us\/\" target=\"_self\"  >\n\t<span class=\"qodef-m-text\">Kontaktieren<\/span>\n<\/a>\n\t\t<\/div>\n\t\t\t\t<\/div>\n\t\t\t\t\t<\/div>\n\t\t\t\t<\/div>\n\t\t<div class=\"elementor-element elementor-element-da554a2 e-flex e-con-boxed e-con e-child\" data-id=\"da554a2\" data-element_type=\"container\" data-settings=\"{&quot;content_width&quot;:&quot;boxed&quot;}\">\n\t\t\t\t\t<div class=\"e-con-inner\">\n\t\t\t\t<div class=\"elementor-element elementor-element-c64f93a elementor-widget__width-auto elementor-widget elementor-widget-ashtanga_core_button\" data-id=\"c64f93a\" data-element_type=\"widget\" data-widget_type=\"ashtanga_core_button.default\">\n\t\t\t\t<div class=\"elementor-widget-container\">\n\t\t\t<a class=\"qodef-shortcode qodef-m  qodef-button qodef-layout--textual   qodef-html--link\" href=\"https:\/\/earthnbirth.ch\/index.php\/pricing-plans\/\" target=\"_self\"  >\n\t<span class=\"qodef-m-text\">Tarife<\/span>\n\t\t<svg class=\"qodef-svg--button-arrow qodef-m-arrow\" xmlns=\"http:\/\/www.w3.org\/2000\/svg\" width=\"37.833\" height=\"18.959\"\n     viewBox=\"0 0 37.833 18.959\"><path fill=\"none\" stroke=\"currentColor\" d=\"M37.828 9.371H0\"\/><path fill=\"none\" stroke=\"currentColor\" d=\"M37.83 9.48S28.651 9.403 26.143.131\"\/><path fill=\"none\" stroke=\"currentColor\" d=\"M37.83 9.479s-9.179.077-11.687 9.349\"\/><\/svg>\t<\/a>\n\t\t<\/div>\n\t\t\t\t<\/div>\n\t\t\t\t<div class=\"elementor-element elementor-element-bd18fb4 elementor-widget elementor-widget-text-editor\" data-id=\"bd18fb4\" data-element_type=\"widget\" data-widget_type=\"text-editor.default\">\n\t\t\t\t<div class=\"elementor-widget-container\">\n\t\t\t<style>\/*! elementor - v3.18.0 - 04-12-2023 *\/\n.elementor-widget-text-editor.elementor-drop-cap-view-stacked .elementor-drop-cap{background-color:#69727d;color:#fff}.elementor-widget-text-editor.elementor-drop-cap-view-framed .elementor-drop-cap{color:#69727d;border:3px solid;background-color:transparent}.elementor-widget-text-editor:not(.elementor-drop-cap-view-default) .elementor-drop-cap{margin-top:8px}.elementor-widget-text-editor:not(.elementor-drop-cap-view-default) .elementor-drop-cap-letter{width:1em;height:1em}.elementor-widget-text-editor .elementor-drop-cap{float:left;text-align:center;line-height:1;font-size:50px}.elementor-widget-text-editor .elementor-drop-cap-letter{display:inline-block}<\/style>\t\t\t\t<p>Die Geburt ist ein einzigartiger Augenblick voller Kraft, Intensit\u00e4t und unermesslicher Sch\u00f6nheit. Es ist der Moment, in dem das Wunder des Lebens in seiner ganzen Pracht erscheint. Als Begleiterin stehe ich bereit, um Dir w\u00e4hrend dieses bemerkenswerten Ereignisses beizustehen und Dir Sicherheit, Unterst\u00fctzung und Ruhe zu bieten.<\/p>\n<p>Meine Begleitung w\u00e4hrend der Geburt ist darauf ausgerichtet, Deinen Weg durch diesen besonderen Moment so angenehm und unterst\u00fctzend wie m\u00f6glich zu gestalten.&nbsp;<\/p>\t\t\t\t\t\t<\/div>\n\t\t\t\t<\/div>\n\t\t\t\t\t<\/div>\n\t\t\t\t<\/div>\n\t\t\t\t<\/div>\n\t\t<div class=\"elementor-element elementor-element-dad8233 e-con-full e-flex e-con e-child\" data-id=\"dad8233\" data-element_type=\"container\" data-settings=\"{&quot;content_width&quot;:&quot;full&quot;}\">\n\t\t\t\t<div class=\"elementor-element elementor-element-d08fed1 elementor-widget elementor-widget-image\" data-id=\"d08fed1\" data-element_type=\"widget\" data-widget_type=\"image.default\">\n\t\t\t\t<div class=\"elementor-widget-container\">\n\t\t\t<style>\/*! elementor - v3.18.0 - 04-12-2023 *\/\n.elementor-widget-image{text-align:center}.elementor-widget-image a{display:inline-block}.elementor-widget-image a img[src$=\".svg\"]{width:48px}.elementor-widget-image img{vertical-align:middle;display:inline-block}<\/style>\t\t\t\t\t\t\t\t\t\t\t\t<img fetchpriority=\"high\" decoding=\"async\" width=\"650\" height=\"650\" src=\"https:\/\/earthnbirth.ch\/wp-content\/uploads\/2023\/12\/IMG_3471-650x650.jpg\" class=\"attachment-qi_addons_for_elementor_image_size_square size-qi_addons_for_elementor_image_size_square wp-image-12222\" alt=\"\" srcset=\"https:\/\/earthnbirth.ch\/wp-content\/uploads\/2023\/12\/IMG_3471-650x650.jpg 650w, https:\/\/earthnbirth.ch\/wp-content\/uploads\/2023\/12\/IMG_3471-150x150.jpg 150w, https:\/\/earthnbirth.ch\/wp-content\/uploads\/2023\/12\/IMG_3471-1300x1300.jpg 1300w, https:\/\/earthnbirth.ch\/wp-content\/uploads\/2023\/12\/IMG_3471-300x300.jpg 300w, https:\/\/earthnbirth.ch\/wp-content\/uploads\/2023\/12\/IMG_3471-100x100.jpg 100w\" sizes=\"(max-width: 650px) 100vw, 650px\" \/>\t\t\t\t\t\t\t\t\t\t\t\t\t\t\t<\/div>\n\t\t\t\t<\/div>\n\t\t\t\t<\/div>\n\t\t\t\t\t<\/div>\n\t\t\t\t<\/div>\n\t\t\t\t\t\t\t<\/div>\n\t\t","protected":false},"excerpt":{"rendered":"<p>Geburt Kontaktieren Tarife Die Geburt ist ein einzigartiger Augenblick voller Kraft, Intensit\u00e4t und unermesslicher Sch\u00f6nheit. Es ist der Moment, in dem das Wunder des Lebens in seiner ganzen Pracht erscheint. Als Begleiterin stehe ich bereit, um Dir w\u00e4hrend dieses bemerkenswerten Ereignisses beizustehen und Dir Sicherheit, Unterst\u00fctzung und Ruhe zu bieten. Meine Begleitung w\u00e4hrend der Geburt [&hellip;]<\/p>\n","protected":false},"author":1,"featured_media":0,"parent":0,"menu_order":0,"comment_status":"closed","ping_status":"closed","template":"page-full-width.php","meta":{"footnotes":""},"class_list":["post-12280","page","type-page","status-publish","hentry"],"_links":{"self":[{"href":"https:\/\/earthnbirth.ch\/index.php\/wp-json\/wp\/v2\/pages\/12280","targetHints":{"allow":["GET"]}}],"collection":[{"href":"https:\/\/earthnbirth.ch\/index.php\/wp-json\/wp\/v2\/pages"}],"about":[{"href":"https:\/\/earthnbirth.ch\/index.php\/wp-json\/wp\/v2\/types\/page"}],"author":[{"embeddable":true,"href":"https:\/\/earthnbirth.ch\/index.php\/wp-json\/wp\/v2\/users\/1"}],"replies":[{"embeddable":true,"href":"https:\/\/earthnbirth.ch\/index.php\/wp-json\/wp\/v2\/comments?post=12280"}],"version-history":[{"count":43,"href":"https:\/\/earthnbirth.ch\/index.php\/wp-json\/wp\/v2\/pages\/12280\/revisions"}],"predecessor-version":[{"id":13282,"href":"https:\/\/earthnbirth.ch\/index.php\/wp-json\/wp\/v2\/pages\/12280\/revisions\/13282"}],"wp:attachment":[{"href":"https:\/\/earthnbirth.ch\/index.php\/wp-json\/wp\/v2\/media?parent=12280"}],"curies":[{"name":"wp","href":"https:\/\/api.w.org\/{rel}","templated":true}]}}