{"id":12285,"date":"2023-12-06T12:09:19","date_gmt":"2023-12-06T12:09:19","guid":{"rendered":"https:\/\/steuer59.ch\/earthnbirth\/?page_id=12285"},"modified":"2024-02-04T18:13:48","modified_gmt":"2024-02-04T18:13:48","slug":"alltag","status":"publish","type":"page","link":"https:\/\/earthnbirth.ch\/index.php\/alltag\/","title":{"rendered":"Alltag"},"content":{"rendered":"\t\t<div data-elementor-type=\"wp-page\" data-elementor-id=\"12285\" class=\"elementor elementor-12285\">\n\t\t\t\t\t\t\t<div class=\"elementor-element elementor-element-1d6137d e-flex e-con-boxed e-con e-parent\" data-id=\"1d6137d\" data-element_type=\"container\" data-settings=\"{&quot;content_width&quot;:&quot;boxed&quot;}\" data-core-v316-plus=\"true\">\n\t\t\t\t\t<div class=\"e-con-inner\">\n\t\t\t\t<div class=\"elementor-element elementor-element-7cb3c16 elementor-widget elementor-widget-ashtanga_core_custom_font\" data-id=\"7cb3c16\" data-element_type=\"widget\" data-widget_type=\"ashtanga_core_custom_font.default\">\n\t\t\t\t<div class=\"elementor-widget-container\">\n\t\t\t<p class=\"qodef-shortcode qodef-m  qodef-custom-font qodef-custom-font-350 qodef-layout--simple   \" style=\"font-family: Edensor;font-size: 120px;text-transform: uppercase\"   >\n\t<span class=\"qodef-custom-font-inner\">\n\t\tAlltag\t<\/span>\n<\/p>\n\t\t<\/div>\n\t\t\t\t<\/div>\n\t\t\t\t\t<\/div>\n\t\t\t\t<\/div>\n\t\t<div class=\"elementor-element elementor-element-62fac0c e-flex e-con-boxed e-con e-parent\" data-id=\"62fac0c\" data-element_type=\"container\" data-settings=\"{&quot;content_width&quot;:&quot;boxed&quot;}\" data-core-v316-plus=\"true\">\n\t\t\t\t\t<div class=\"e-con-inner\">\n\t\t<div class=\"elementor-element elementor-element-e672a86 e-con-full e-flex e-con e-child\" data-id=\"e672a86\" data-element_type=\"container\" data-settings=\"{&quot;content_width&quot;:&quot;full&quot;}\">\n\t\t<div class=\"elementor-element elementor-element-93048c7 e-flex e-con-boxed e-con e-child\" data-id=\"93048c7\" data-element_type=\"container\" data-settings=\"{&quot;content_width&quot;:&quot;boxed&quot;}\">\n\t\t\t\t\t<div class=\"e-con-inner\">\n\t\t\t\t<div class=\"elementor-element elementor-element-d179702 elementor-widget__width-auto elementor-widget elementor-widget-ashtanga_core_button\" data-id=\"d179702\" data-element_type=\"widget\" data-widget_type=\"ashtanga_core_button.default\">\n\t\t\t\t<div class=\"elementor-widget-container\">\n\t\t\t<a class=\"qodef-shortcode qodef-m  qodef-button qodef-layout--filled   qodef-html--link\" href=\"https:\/\/earthnbirth.ch\/index.php\/contact-us\/\" target=\"_self\"  >\n\t<span class=\"qodef-m-text\">Kontaktieren<\/span>\n<\/a>\n\t\t<\/div>\n\t\t\t\t<\/div>\n\t\t\t\t\t<\/div>\n\t\t\t\t<\/div>\n\t\t<div class=\"elementor-element elementor-element-9618a7c e-flex e-con-boxed e-con e-child\" data-id=\"9618a7c\" data-element_type=\"container\" data-settings=\"{&quot;content_width&quot;:&quot;boxed&quot;}\">\n\t\t\t\t\t<div class=\"e-con-inner\">\n\t\t\t\t<div class=\"elementor-element elementor-element-6ced444 elementor-widget__width-auto elementor-widget elementor-widget-ashtanga_core_button\" data-id=\"6ced444\" data-element_type=\"widget\" data-widget_type=\"ashtanga_core_button.default\">\n\t\t\t\t<div class=\"elementor-widget-container\">\n\t\t\t<a class=\"qodef-shortcode qodef-m  qodef-button qodef-layout--textual   qodef-html--link\" href=\"https:\/\/earthnbirth.ch\/index.php\/pricing-plans\/\" target=\"_self\"  >\n\t<span class=\"qodef-m-text\">Tarife<\/span>\n\t\t<svg class=\"qodef-svg--button-arrow qodef-m-arrow\" xmlns=\"http:\/\/www.w3.org\/2000\/svg\" width=\"37.833\" height=\"18.959\"\n     viewBox=\"0 0 37.833 18.959\"><path fill=\"none\" stroke=\"currentColor\" d=\"M37.828 9.371H0\"\/><path fill=\"none\" stroke=\"currentColor\" d=\"M37.83 9.48S28.651 9.403 26.143.131\"\/><path fill=\"none\" stroke=\"currentColor\" d=\"M37.83 9.479s-9.179.077-11.687 9.349\"\/><\/svg>\t<\/a>\n\t\t<\/div>\n\t\t\t\t<\/div>\n\t\t\t\t<div class=\"elementor-element elementor-element-ff68300 elementor-widget elementor-widget-text-editor\" data-id=\"ff68300\" data-element_type=\"widget\" data-widget_type=\"text-editor.default\">\n\t\t\t\t<div class=\"elementor-widget-container\">\n\t\t\t<style>\/*! elementor - v3.18.0 - 04-12-2023 *\/\n.elementor-widget-text-editor.elementor-drop-cap-view-stacked .elementor-drop-cap{background-color:#69727d;color:#fff}.elementor-widget-text-editor.elementor-drop-cap-view-framed .elementor-drop-cap{color:#69727d;border:3px solid;background-color:transparent}.elementor-widget-text-editor:not(.elementor-drop-cap-view-default) .elementor-drop-cap{margin-top:8px}.elementor-widget-text-editor:not(.elementor-drop-cap-view-default) .elementor-drop-cap-letter{width:1em;height:1em}.elementor-widget-text-editor .elementor-drop-cap{float:left;text-align:center;line-height:1;font-size:50px}.elementor-widget-text-editor .elementor-drop-cap-letter{display:inline-block}<\/style>\t\t\t\t<p style=\"border-style: solid; border-color: #d9d9e3; --tw-border-spacing-x: 0; --tw-border-spacing-y: 0; --tw-translate-x: 0; --tw-translate-y: 0; --tw-rotate: 0; --tw-skew-x: 0; --tw-skew-y: 0; --tw-scale-x: 1; --tw-scale-y: 1; --tw-scroll-snap-strictness: proximity; --tw-ring-offset-width: 0px; --tw-ring-offset-color: #fff; --tw-ring-color: rgba(69,89,164,.5); --tw-ring-offset-shadow: 0 0 transparent; --tw-ring-shadow: 0 0 transparent; --tw-shadow: 0 0 transparent; --tw-shadow-colored: 0 0 transparent; margin-top: 1.25em; margin-bottom: 1.25em; color: #374151; font-family: S\u00f6hne, ui-sans-serif, system-ui, -apple-system, 'Segoe UI', Roboto, Ubuntu, Cantarell, 'Noto Sans', sans-serif, 'Helvetica Neue', Arial, 'Apple Color Emoji', 'Segoe UI Emoji', 'Segoe UI Symbol', 'Noto Color Emoji'; font-size: 16px; white-space-collapse: preserve;\">Wir alle kennen die H\u00f6hen und Tiefen im Muttersein. Es ist nicht einfach, den Arbeitsalltag mit dem Muttersein zu vereinen und dabei bestenfalls noch gut auszusehen. Besser noch, sich gut f\u00fchlen und dabei nicht die Nerven und die Geduld verlieren. Ich kann dir mit einfachen Tipps und Tricks helfen, im Alltag den \u00dcberblick nicht zu verlieren, wieder back in shape und zu deiner Wunschfigur zur\u00fcckzufinden. Mit manuellen Praktiken kann ich auf deine k\u00f6rperlichen Beschwerden eingehen. Zusammen gestalten wir deinen Alltag, damit du so gelassen und erleichtert wie m\u00f6glich deinen Aufgaben nachgehen kannst.<\/p><p style=\"border-style: solid; border-color: #d9d9e3; --tw-border-spacing-x: 0; --tw-border-spacing-y: 0; --tw-translate-x: 0; --tw-translate-y: 0; --tw-rotate: 0; --tw-skew-x: 0; --tw-skew-y: 0; --tw-scale-x: 1; --tw-scale-y: 1; --tw-scroll-snap-strictness: proximity; --tw-ring-offset-width: 0px; --tw-ring-offset-color: #fff; --tw-ring-color: rgba(69,89,164,.5); --tw-ring-offset-shadow: 0 0 transparent; --tw-ring-shadow: 0 0 transparent; --tw-shadow: 0 0 transparent; --tw-shadow-colored: 0 0 transparent; margin-top: 1.25em; margin-bottom: 1.25em; color: #374151; font-family: S\u00f6hne, ui-sans-serif, system-ui, -apple-system, 'Segoe UI', Roboto, Ubuntu, Cantarell, 'Noto Sans', sans-serif, 'Helvetica Neue', Arial, 'Apple Color Emoji', 'Segoe UI Emoji', 'Segoe UI Symbol', 'Noto Color Emoji'; font-size: 16px; white-space-collapse: preserve;\">\u00a0<\/p>\t\t\t\t\t\t<\/div>\n\t\t\t\t<\/div>\n\t\t\t\t\t<\/div>\n\t\t\t\t<\/div>\n\t\t\t\t<\/div>\n\t\t<div class=\"elementor-element elementor-element-2a38f55 e-con-full e-flex e-con e-child\" data-id=\"2a38f55\" data-element_type=\"container\" data-settings=\"{&quot;content_width&quot;:&quot;full&quot;}\">\n\t\t\t\t<div class=\"elementor-element elementor-element-df76bda elementor-widget elementor-widget-image\" data-id=\"df76bda\" data-element_type=\"widget\" data-widget_type=\"image.default\">\n\t\t\t\t<div class=\"elementor-widget-container\">\n\t\t\t<style>\/*! elementor - v3.18.0 - 04-12-2023 *\/\n.elementor-widget-image{text-align:center}.elementor-widget-image a{display:inline-block}.elementor-widget-image a img[src$=\".svg\"]{width:48px}.elementor-widget-image img{vertical-align:middle;display:inline-block}<\/style>\t\t\t\t\t\t\t\t\t\t\t\t<img fetchpriority=\"high\" decoding=\"async\" width=\"650\" height=\"650\" src=\"https:\/\/earthnbirth.ch\/wp-content\/uploads\/2024\/01\/92222e0d-1538-4e98-91d0-bfcf2a05a8c3-1-650x650.jpg\" class=\"attachment-qi_addons_for_elementor_image_size_square size-qi_addons_for_elementor_image_size_square wp-image-12473\" alt=\"\" srcset=\"https:\/\/earthnbirth.ch\/wp-content\/uploads\/2024\/01\/92222e0d-1538-4e98-91d0-bfcf2a05a8c3-1-650x650.jpg 650w, https:\/\/earthnbirth.ch\/wp-content\/uploads\/2024\/01\/92222e0d-1538-4e98-91d0-bfcf2a05a8c3-1-150x150.jpg 150w, https:\/\/earthnbirth.ch\/wp-content\/uploads\/2024\/01\/92222e0d-1538-4e98-91d0-bfcf2a05a8c3-1-300x300.jpg 300w, https:\/\/earthnbirth.ch\/wp-content\/uploads\/2024\/01\/92222e0d-1538-4e98-91d0-bfcf2a05a8c3-1-100x100.jpg 100w\" sizes=\"(max-width: 650px) 100vw, 650px\" \/>\t\t\t\t\t\t\t\t\t\t\t\t\t\t\t<\/div>\n\t\t\t\t<\/div>\n\t\t\t\t<\/div>\n\t\t\t\t\t<\/div>\n\t\t\t\t<\/div>\n\t\t\t\t\t\t\t<\/div>\n\t\t","protected":false},"excerpt":{"rendered":"<p>Alltag Kontaktieren Tarife Wir alle kennen die H\u00f6hen und Tiefen im Muttersein. Es ist nicht einfach, den Arbeitsalltag mit dem Muttersein zu vereinen und dabei bestenfalls noch gut auszusehen. Besser noch, sich gut f\u00fchlen und dabei nicht die Nerven und die Geduld verlieren. Ich kann dir mit einfachen Tipps und Tricks helfen, im Alltag den [&hellip;]<\/p>\n","protected":false},"author":1,"featured_media":0,"parent":0,"menu_order":0,"comment_status":"closed","ping_status":"closed","template":"page-full-width.php","meta":{"footnotes":""},"class_list":["post-12285","page","type-page","status-publish","hentry"],"_links":{"self":[{"href":"https:\/\/earthnbirth.ch\/index.php\/wp-json\/wp\/v2\/pages\/12285","targetHints":{"allow":["GET"]}}],"collection":[{"href":"https:\/\/earthnbirth.ch\/index.php\/wp-json\/wp\/v2\/pages"}],"about":[{"href":"https:\/\/earthnbirth.ch\/index.php\/wp-json\/wp\/v2\/types\/page"}],"author":[{"embeddable":true,"href":"https:\/\/earthnbirth.ch\/index.php\/wp-json\/wp\/v2\/users\/1"}],"replies":[{"embeddable":true,"href":"https:\/\/earthnbirth.ch\/index.php\/wp-json\/wp\/v2\/comments?post=12285"}],"version-history":[{"count":43,"href":"https:\/\/earthnbirth.ch\/index.php\/wp-json\/wp\/v2\/pages\/12285\/revisions"}],"predecessor-version":[{"id":13134,"href":"https:\/\/earthnbirth.ch\/index.php\/wp-json\/wp\/v2\/pages\/12285\/revisions\/13134"}],"wp:attachment":[{"href":"https:\/\/earthnbirth.ch\/index.php\/wp-json\/wp\/v2\/media?parent=12285"}],"curies":[{"name":"wp","href":"https:\/\/api.w.org\/{rel}","templated":true}]}}