{"id":12287,"date":"2023-12-06T12:09:51","date_gmt":"2023-12-06T12:09:51","guid":{"rendered":"https:\/\/steuer59.ch\/earthnbirth\/?page_id=12287"},"modified":"2024-02-04T18:16:20","modified_gmt":"2024-02-04T18:16:20","slug":"kambipaket","status":"publish","type":"page","link":"https:\/\/earthnbirth.ch\/index.php\/kambipaket\/","title":{"rendered":"Kombipaket"},"content":{"rendered":"\t\t<div data-elementor-type=\"wp-page\" data-elementor-id=\"12287\" class=\"elementor elementor-12287\">\n\t\t\t\t\t\t\t\t\t<section class=\"elementor-section elementor-top-section elementor-element elementor-element-fffbc9c elementor-section-full_width elementor-section-height-default elementor-section-height-default\" data-id=\"fffbc9c\" data-element_type=\"section\">\n\t\t\t\t\t\t<div class=\"elementor-container elementor-column-gap-default\">\n\t\t\t\t\t<div class=\"elementor-column elementor-col-100 elementor-top-column elementor-element elementor-element-2e669cb\" data-id=\"2e669cb\" data-element_type=\"column\">\n\t\t\t<div class=\"elementor-widget-wrap elementor-element-populated\">\n\t\t\t\t\t\t\t\t<div class=\"elementor-element elementor-element-9754d28 elementor-widget elementor-widget-ashtanga_core_custom_font\" data-id=\"9754d28\" data-element_type=\"widget\" data-widget_type=\"ashtanga_core_custom_font.default\">\n\t\t\t\t<div class=\"elementor-widget-container\">\n\t\t\t<p class=\"qodef-shortcode qodef-m  qodef-custom-font qodef-custom-font-799 qodef-layout--simple   \" style=\"font-family: Edensor;font-size: 120px;text-transform: uppercase\"   >\n\t<span class=\"qodef-custom-font-inner\">\n\t\tKombipaket\t<\/span>\n<\/p>\n\t\t<\/div>\n\t\t\t\t<\/div>\n\t\t\t\t\t<\/div>\n\t\t<\/div>\n\t\t\t\t\t\t\t<\/div>\n\t\t<\/section>\n\t\t<div class=\"elementor-element elementor-element-5c69281 e-flex e-con-boxed e-con e-parent\" data-id=\"5c69281\" data-element_type=\"container\" data-settings=\"{&quot;content_width&quot;:&quot;boxed&quot;}\" data-core-v316-plus=\"true\">\n\t\t\t\t\t<div class=\"e-con-inner\">\n\t\t<div class=\"elementor-element elementor-element-de73641 e-con-full e-flex e-con e-child\" data-id=\"de73641\" data-element_type=\"container\" data-settings=\"{&quot;content_width&quot;:&quot;full&quot;}\">\n\t\t<div class=\"elementor-element elementor-element-107dba6 e-flex e-con-boxed e-con e-child\" data-id=\"107dba6\" data-element_type=\"container\" data-settings=\"{&quot;content_width&quot;:&quot;boxed&quot;}\">\n\t\t\t\t\t<div class=\"e-con-inner\">\n\t\t\t\t<div class=\"elementor-element elementor-element-3753fc9 elementor-widget__width-auto elementor-widget elementor-widget-ashtanga_core_button\" data-id=\"3753fc9\" data-element_type=\"widget\" data-widget_type=\"ashtanga_core_button.default\">\n\t\t\t\t<div class=\"elementor-widget-container\">\n\t\t\t<a class=\"qodef-shortcode qodef-m  qodef-button qodef-layout--filled   qodef-html--link\" href=\"https:\/\/earthnbirth.ch\/index.php\/contact-us\/\" target=\"_self\"  >\n\t<span class=\"qodef-m-text\">Kontaktieren<\/span>\n<\/a>\n\t\t<\/div>\n\t\t\t\t<\/div>\n\t\t\t\t\t<\/div>\n\t\t\t\t<\/div>\n\t\t<div class=\"elementor-element elementor-element-6093caa e-flex e-con-boxed e-con e-child\" data-id=\"6093caa\" data-element_type=\"container\" data-settings=\"{&quot;content_width&quot;:&quot;boxed&quot;}\">\n\t\t\t\t\t<div class=\"e-con-inner\">\n\t\t\t\t<div class=\"elementor-element elementor-element-0e8d7ad elementor-widget__width-auto elementor-widget elementor-widget-ashtanga_core_button\" data-id=\"0e8d7ad\" data-element_type=\"widget\" data-widget_type=\"ashtanga_core_button.default\">\n\t\t\t\t<div class=\"elementor-widget-container\">\n\t\t\t<a class=\"qodef-shortcode qodef-m  qodef-button qodef-layout--textual   qodef-html--link\" href=\"https:\/\/earthnbirth.ch\/index.php\/pricing-plans\/\" target=\"_self\"  >\n\t<span class=\"qodef-m-text\">Tarife<\/span>\n\t\t<svg class=\"qodef-svg--button-arrow qodef-m-arrow\" xmlns=\"http:\/\/www.w3.org\/2000\/svg\" width=\"37.833\" height=\"18.959\"\n     viewBox=\"0 0 37.833 18.959\"><path fill=\"none\" stroke=\"currentColor\" d=\"M37.828 9.371H0\"\/><path fill=\"none\" stroke=\"currentColor\" d=\"M37.83 9.48S28.651 9.403 26.143.131\"\/><path fill=\"none\" stroke=\"currentColor\" d=\"M37.83 9.479s-9.179.077-11.687 9.349\"\/><\/svg>\t<\/a>\n\t\t<\/div>\n\t\t\t\t<\/div>\n\t\t\t\t<div class=\"elementor-element elementor-element-49fb1a4 elementor-widget elementor-widget-text-editor\" data-id=\"49fb1a4\" data-element_type=\"widget\" data-widget_type=\"text-editor.default\">\n\t\t\t\t<div class=\"elementor-widget-container\">\n\t\t\t<style>\/*! elementor - v3.18.0 - 04-12-2023 *\/\n.elementor-widget-text-editor.elementor-drop-cap-view-stacked .elementor-drop-cap{background-color:#69727d;color:#fff}.elementor-widget-text-editor.elementor-drop-cap-view-framed .elementor-drop-cap{color:#69727d;border:3px solid;background-color:transparent}.elementor-widget-text-editor:not(.elementor-drop-cap-view-default) .elementor-drop-cap{margin-top:8px}.elementor-widget-text-editor:not(.elementor-drop-cap-view-default) .elementor-drop-cap-letter{width:1em;height:1em}.elementor-widget-text-editor .elementor-drop-cap{float:left;text-align:center;line-height:1;font-size:50px}.elementor-widget-text-editor .elementor-drop-cap-letter{display:inline-block}<\/style>\t\t\t\t<h2>&#8230; Nach deinen Bed\u00fcrfnissen<\/h2><p>Stelle selber, aus meinem Angebot, deine Wunschbegleitung zusammen. Ich glaube fest daran, dass jede Frau das Recht auf eine individuelle, auf sie zugeschnittene Begleitung hat. Mein Ziel ist es, sie in diesem wichtigen Lebensabschnitt bestm\u00f6glich zu st\u00e4rken und ihre Bed\u00fcrfnisse in den Mittelpunkt zu stellen!<\/p>\t\t\t\t\t\t<\/div>\n\t\t\t\t<\/div>\n\t\t\t\t\t<\/div>\n\t\t\t\t<\/div>\n\t\t\t\t<\/div>\n\t\t<div class=\"elementor-element elementor-element-fed768f e-con-full e-flex e-con e-child\" data-id=\"fed768f\" data-element_type=\"container\" data-settings=\"{&quot;content_width&quot;:&quot;full&quot;}\">\n\t\t\t\t<div class=\"elementor-element elementor-element-142e757 elementor-widget elementor-widget-image\" data-id=\"142e757\" data-element_type=\"widget\" data-widget_type=\"image.default\">\n\t\t\t\t<div class=\"elementor-widget-container\">\n\t\t\t<style>\/*! elementor - v3.18.0 - 04-12-2023 *\/\n.elementor-widget-image{text-align:center}.elementor-widget-image a{display:inline-block}.elementor-widget-image a img[src$=\".svg\"]{width:48px}.elementor-widget-image img{vertical-align:middle;display:inline-block}<\/style>\t\t\t\t\t\t\t\t\t\t\t\t<img fetchpriority=\"high\" decoding=\"async\" width=\"1024\" height=\"683\" src=\"https:\/\/earthnbirth.ch\/wp-content\/uploads\/2023\/12\/DSC05915-1024x683.jpg\" class=\"attachment-large size-large wp-image-12369\" alt=\"\" srcset=\"https:\/\/earthnbirth.ch\/wp-content\/uploads\/2023\/12\/DSC05915-1024x683.jpg 1024w, https:\/\/earthnbirth.ch\/wp-content\/uploads\/2023\/12\/DSC05915-300x200.jpg 300w, https:\/\/earthnbirth.ch\/wp-content\/uploads\/2023\/12\/DSC05915-768x512.jpg 768w, https:\/\/earthnbirth.ch\/wp-content\/uploads\/2023\/12\/DSC05915-1536x1024.jpg 1536w, https:\/\/earthnbirth.ch\/wp-content\/uploads\/2023\/12\/DSC05915-2048x1365.jpg 2048w, https:\/\/earthnbirth.ch\/wp-content\/uploads\/2023\/12\/DSC05915-600x400.jpg 600w\" sizes=\"(max-width: 1024px) 100vw, 1024px\" \/>\t\t\t\t\t\t\t\t\t\t\t\t\t\t\t<\/div>\n\t\t\t\t<\/div>\n\t\t\t\t<\/div>\n\t\t\t\t\t<\/div>\n\t\t\t\t<\/div>\n\t\t\t\t\t\t\t<\/div>\n\t\t","protected":false},"excerpt":{"rendered":"<p>Kombipaket Kontaktieren Tarife &#8230; Nach deinen Bed\u00fcrfnissen Stelle selber, aus meinem Angebot, deine Wunschbegleitung zusammen. Ich glaube fest daran, dass jede Frau das Recht auf eine individuelle, auf sie zugeschnittene Begleitung hat. Mein Ziel ist es, sie in diesem wichtigen Lebensabschnitt bestm\u00f6glich zu st\u00e4rken und ihre Bed\u00fcrfnisse in den Mittelpunkt zu stellen!<\/p>\n","protected":false},"author":1,"featured_media":0,"parent":0,"menu_order":0,"comment_status":"closed","ping_status":"closed","template":"page-full-width.php","meta":{"footnotes":""},"class_list":["post-12287","page","type-page","status-publish","hentry"],"_links":{"self":[{"href":"https:\/\/earthnbirth.ch\/index.php\/wp-json\/wp\/v2\/pages\/12287","targetHints":{"allow":["GET"]}}],"collection":[{"href":"https:\/\/earthnbirth.ch\/index.php\/wp-json\/wp\/v2\/pages"}],"about":[{"href":"https:\/\/earthnbirth.ch\/index.php\/wp-json\/wp\/v2\/types\/page"}],"author":[{"embeddable":true,"href":"https:\/\/earthnbirth.ch\/index.php\/wp-json\/wp\/v2\/users\/1"}],"replies":[{"embeddable":true,"href":"https:\/\/earthnbirth.ch\/index.php\/wp-json\/wp\/v2\/comments?post=12287"}],"version-history":[{"count":28,"href":"https:\/\/earthnbirth.ch\/index.php\/wp-json\/wp\/v2\/pages\/12287\/revisions"}],"predecessor-version":[{"id":13140,"href":"https:\/\/earthnbirth.ch\/index.php\/wp-json\/wp\/v2\/pages\/12287\/revisions\/13140"}],"wp:attachment":[{"href":"https:\/\/earthnbirth.ch\/index.php\/wp-json\/wp\/v2\/media?parent=12287"}],"curies":[{"name":"wp","href":"https:\/\/api.w.org\/{rel}","templated":true}]}}