{"id":12309,"date":"2023-12-06T12:17:24","date_gmt":"2023-12-06T12:17:24","guid":{"rendered":"https:\/\/steuer59.ch\/earthnbirth\/?page_id=12309"},"modified":"2024-02-05T21:35:45","modified_gmt":"2024-02-05T21:35:45","slug":"ten","status":"publish","type":"page","link":"https:\/\/earthnbirth.ch\/index.php\/ten\/","title":{"rendered":"TEN"},"content":{"rendered":"\t\t<div data-elementor-type=\"wp-page\" data-elementor-id=\"12309\" class=\"elementor elementor-12309\">\n\t\t\t\t\t\t\t<div class=\"elementor-element elementor-element-83baa23 e-flex e-con-boxed e-con e-parent\" data-id=\"83baa23\" data-element_type=\"container\" data-settings=\"{&quot;content_width&quot;:&quot;boxed&quot;}\" data-core-v316-plus=\"true\">\n\t\t\t\t\t<div class=\"e-con-inner\">\n\t\t\t\t<div class=\"elementor-element elementor-element-3be6957 elementor-widget__width-auto elementor-widget elementor-widget-ashtanga_core_custom_font\" data-id=\"3be6957\" data-element_type=\"widget\" data-widget_type=\"ashtanga_core_custom_font.default\">\n\t\t\t\t<div class=\"elementor-widget-container\">\n\t\t\t<p class=\"qodef-shortcode qodef-m  qodef-custom-font qodef-custom-font-774 qodef-layout--simple   \" style=\"font-family: Edensor;font-size: 120px;line-height: 120px;text-transform: uppercase\"   >\n\t<span class=\"qodef-custom-font-inner\">\n\t\tTEN\t<\/span>\n<\/p>\n\t\t<\/div>\n\t\t\t\t<\/div>\n\t\t\t\t<div class=\"elementor-element elementor-element-b637e05 elementor-widget__width-auto elementor-hidden-desktop elementor-hidden-tablet elementor-widget elementor-widget-ashtanga_core_custom_font\" data-id=\"b637e05\" data-element_type=\"widget\" data-widget_type=\"ashtanga_core_custom_font.default\">\n\t\t\t\t<div class=\"elementor-widget-container\">\n\t\t\t<p class=\"qodef-shortcode qodef-m  qodef-custom-font qodef-custom-font-168 qodef-layout--simple   \" style=\"font-family: Edensor;font-size: 120px;line-height: 120px;text-transform: uppercase\"   >\n\t<span class=\"qodef-custom-font-inner\">\n\t\tTEN\t<\/span>\n<\/p>\n\t\t<\/div>\n\t\t\t\t<\/div>\n\t\t\t\t\t<\/div>\n\t\t\t\t<\/div>\n\t\t<div class=\"elementor-element elementor-element-d67d7af e-flex e-con-boxed e-con e-parent\" data-id=\"d67d7af\" data-element_type=\"container\" data-settings=\"{&quot;content_width&quot;:&quot;boxed&quot;}\" data-core-v316-plus=\"true\">\n\t\t\t\t\t<div class=\"e-con-inner\">\n\t\t<div class=\"elementor-element elementor-element-abe31be e-con-full e-flex e-con e-child\" data-id=\"abe31be\" data-element_type=\"container\" data-settings=\"{&quot;content_width&quot;:&quot;full&quot;}\">\n\t\t\t\t<div class=\"elementor-element elementor-element-ac48cdb elementor-widget elementor-widget-spacer\" data-id=\"ac48cdb\" data-element_type=\"widget\" data-widget_type=\"spacer.default\">\n\t\t\t\t<div class=\"elementor-widget-container\">\n\t\t\t<style>\/*! elementor - v3.18.0 - 04-12-2023 *\/\n.elementor-column .elementor-spacer-inner{height:var(--spacer-size)}.e-con{--container-widget-width:100%}.e-con-inner>.elementor-widget-spacer,.e-con>.elementor-widget-spacer{width:var(--container-widget-width,var(--spacer-size));--align-self:var(--container-widget-align-self,initial);--flex-shrink:0}.e-con-inner>.elementor-widget-spacer>.elementor-widget-container,.e-con>.elementor-widget-spacer>.elementor-widget-container{height:100%;width:100%}.e-con-inner>.elementor-widget-spacer>.elementor-widget-container>.elementor-spacer,.e-con>.elementor-widget-spacer>.elementor-widget-container>.elementor-spacer{height:100%}.e-con-inner>.elementor-widget-spacer>.elementor-widget-container>.elementor-spacer>.elementor-spacer-inner,.e-con>.elementor-widget-spacer>.elementor-widget-container>.elementor-spacer>.elementor-spacer-inner{height:var(--container-widget-height,var(--spacer-size))}.e-con-inner>.elementor-widget-spacer.elementor-widget-empty,.e-con>.elementor-widget-spacer.elementor-widget-empty{position:relative;min-height:22px;min-width:22px}.e-con-inner>.elementor-widget-spacer.elementor-widget-empty .elementor-widget-empty-icon,.e-con>.elementor-widget-spacer.elementor-widget-empty .elementor-widget-empty-icon{position:absolute;top:0;bottom:0;left:0;right:0;margin:auto;padding:0;width:22px;height:22px}<\/style>\t\t<div class=\"elementor-spacer\">\n\t\t\t<div class=\"elementor-spacer-inner\"><\/div>\n\t\t<\/div>\n\t\t\t\t<\/div>\n\t\t\t\t<\/div>\n\t\t\t\t<div class=\"elementor-element elementor-element-ce2089a elementor-widget elementor-widget-heading\" data-id=\"ce2089a\" data-element_type=\"widget\" data-widget_type=\"heading.default\">\n\t\t\t\t<div class=\"elementor-widget-container\">\n\t\t\t<style>\/*! elementor - v3.18.0 - 04-12-2023 *\/\n.elementor-heading-title{padding:0;margin:0;line-height:1}.elementor-widget-heading .elementor-heading-title[class*=elementor-size-]>a{color:inherit;font-size:inherit;line-height:inherit}.elementor-widget-heading .elementor-heading-title.elementor-size-small{font-size:15px}.elementor-widget-heading .elementor-heading-title.elementor-size-medium{font-size:19px}.elementor-widget-heading .elementor-heading-title.elementor-size-large{font-size:29px}.elementor-widget-heading .elementor-heading-title.elementor-size-xl{font-size:39px}.elementor-widget-heading .elementor-heading-title.elementor-size-xxl{font-size:59px}<\/style><h2 class=\"elementor-heading-title elementor-size-default\">TRADITIONELLE EUROP\u00c4ISCHE NATURHEILKUNDE<\/h2>\t\t<\/div>\n\t\t\t\t<\/div>\n\t\t\t\t<div class=\"elementor-element elementor-element-ff78535 elementor-widget__width-auto elementor-widget elementor-widget-ashtanga_core_button\" data-id=\"ff78535\" data-element_type=\"widget\" data-widget_type=\"ashtanga_core_button.default\">\n\t\t\t\t<div class=\"elementor-widget-container\">\n\t\t\t<a class=\"qodef-shortcode qodef-m  qodef-button qodef-layout--filled   qodef-html--link\" href=\"https:\/\/earthnbirth.ch\/index.php\/contact-us\/\" target=\"_self\"  >\n\t<span class=\"qodef-m-text\">Kontaktieren<\/span>\n<\/a>\n\t\t<\/div>\n\t\t\t\t<\/div>\n\t\t\t\t<div class=\"elementor-element elementor-element-7e12f3a elementor-widget__width-auto elementor-widget elementor-widget-ashtanga_core_button\" data-id=\"7e12f3a\" data-element_type=\"widget\" data-widget_type=\"ashtanga_core_button.default\">\n\t\t\t\t<div class=\"elementor-widget-container\">\n\t\t\t<a class=\"qodef-shortcode qodef-m  qodef-button qodef-layout--textual   qodef-html--link\" href=\"https:\/\/earthnbirth.ch\/index.php\/pricing-plans\/\" target=\"_self\"  >\n\t<span class=\"qodef-m-text\">Tarife<\/span>\n\t\t<svg class=\"qodef-svg--button-arrow qodef-m-arrow\" xmlns=\"http:\/\/www.w3.org\/2000\/svg\" width=\"37.833\" height=\"18.959\"\n     viewBox=\"0 0 37.833 18.959\"><path fill=\"none\" stroke=\"currentColor\" d=\"M37.828 9.371H0\"\/><path fill=\"none\" stroke=\"currentColor\" d=\"M37.83 9.48S28.651 9.403 26.143.131\"\/><path fill=\"none\" stroke=\"currentColor\" d=\"M37.83 9.479s-9.179.077-11.687 9.349\"\/><\/svg>\t<\/a>\n\t\t<\/div>\n\t\t\t\t<\/div>\n\t\t\t\t<div class=\"elementor-element elementor-element-89911f1 elementor-widget elementor-widget-text-editor\" data-id=\"89911f1\" data-element_type=\"widget\" data-widget_type=\"text-editor.default\">\n\t\t\t\t<div class=\"elementor-widget-container\">\n\t\t\t<style>\/*! elementor - v3.18.0 - 04-12-2023 *\/\n.elementor-widget-text-editor.elementor-drop-cap-view-stacked .elementor-drop-cap{background-color:#69727d;color:#fff}.elementor-widget-text-editor.elementor-drop-cap-view-framed .elementor-drop-cap{color:#69727d;border:3px solid;background-color:transparent}.elementor-widget-text-editor:not(.elementor-drop-cap-view-default) .elementor-drop-cap{margin-top:8px}.elementor-widget-text-editor:not(.elementor-drop-cap-view-default) .elementor-drop-cap-letter{width:1em;height:1em}.elementor-widget-text-editor .elementor-drop-cap{float:left;text-align:center;line-height:1;font-size:50px}.elementor-widget-text-editor .elementor-drop-cap-letter{display:inline-block}<\/style>\t\t\t\t<p><span data-contrast=\"auto\">Als Naturheilpraktikerin bin ich darauf spezialisiert, Ihre Gesundheit auf nat\u00fcrliche Weise zu f\u00f6rdern und zu erhalten. Mein Fokus liegt auf drei Schl\u00fcsselbereichen:<\/span><span data-ccp-props=\"{&quot;134233117&quot;:true,&quot;134233118&quot;:true,&quot;201341983&quot;:0,&quot;335559740&quot;:240}\">&nbsp;<\/span><\/p>\n<ul>\n<li data-leveltext=\"%1.\" data-font=\"\" data-listid=\"1\" data-list-defn-props=\"{&quot;335552541&quot;:0,&quot;335559684&quot;:-1,&quot;335559685&quot;:720,&quot;335559991&quot;:360,&quot;469769242&quot;:[65533,0],&quot;469777803&quot;:&quot;left&quot;,&quot;469777804&quot;:&quot;%1.&quot;,&quot;469777815&quot;:&quot;multilevel&quot;}\" aria-setsize=\"-1\" data-aria-posinset=\"1\" data-aria-level=\"1\"><b><span data-contrast=\"auto\">Ern\u00e4hrung:<\/span><\/b><span data-contrast=\"auto\"> Ich helfe Dir dabei, eine ausgewogene Ern\u00e4hrung zu entwickeln, die Deine Gesundheit und Dein Wohlbefinden unterst\u00fctzt. Gemeinsam erarbeiten wir individuelle Ern\u00e4hrungspl\u00e4ne, die auf Deine Bed\u00fcrfnisse zugeschnitten sind.<\/span><span data-ccp-props=\"{&quot;134233117&quot;:true,&quot;134233118&quot;:true,&quot;201341983&quot;:0,&quot;335559740&quot;:240}\">&nbsp;<\/span><\/li>\n<li data-leveltext=\"%1.\" data-font=\"\" data-listid=\"1\" data-list-defn-props=\"{&quot;335552541&quot;:0,&quot;335559684&quot;:-1,&quot;335559685&quot;:720,&quot;335559991&quot;:360,&quot;469769242&quot;:[65533,0],&quot;469777803&quot;:&quot;left&quot;,&quot;469777804&quot;:&quot;%1.&quot;,&quot;469777815&quot;:&quot;multilevel&quot;}\" aria-setsize=\"-1\" data-aria-posinset=\"2\" data-aria-level=\"1\"><b><span data-contrast=\"auto\">Manuelle Therapie:<\/span><\/b><span data-contrast=\"auto\"> Durch gezielte manuelle Techniken (klassische Massage, Fussreflexzonenmassage, Bindegewebsmassage &amp; Lymphdrainage) arbeite ich an der Optimierung Deiner k\u00f6rperlichen Gesundheit. Ich lindere Beschwerden, f\u00f6rdere die Entspannung und verbessere die k\u00f6rperliche Mobilit\u00e4t.<\/span><span data-ccp-props=\"{&quot;134233117&quot;:true,&quot;134233118&quot;:true,&quot;201341983&quot;:0,&quot;335559740&quot;:240}\">&nbsp;<\/span><\/li>\n<\/ul>\t\t\t\t\t\t<\/div>\n\t\t\t\t<\/div>\n\t\t\t\t<\/div>\n\t\t<div class=\"elementor-element elementor-element-e1a98f3 e-con-full e-flex e-con e-child\" data-id=\"e1a98f3\" data-element_type=\"container\" data-settings=\"{&quot;content_width&quot;:&quot;full&quot;}\">\n\t\t\t\t<div class=\"elementor-element elementor-element-4c1d4e7 elementor-widget elementor-widget-image\" data-id=\"4c1d4e7\" data-element_type=\"widget\" data-widget_type=\"image.default\">\n\t\t\t\t<div class=\"elementor-widget-container\">\n\t\t\t<style>\/*! elementor - v3.18.0 - 04-12-2023 *\/\n.elementor-widget-image{text-align:center}.elementor-widget-image a{display:inline-block}.elementor-widget-image a img[src$=\".svg\"]{width:48px}.elementor-widget-image img{vertical-align:middle;display:inline-block}<\/style>\t\t\t\t\t\t\t\t\t\t\t\t<img fetchpriority=\"high\" decoding=\"async\" width=\"1024\" height=\"683\" src=\"https:\/\/earthnbirth.ch\/wp-content\/uploads\/2023\/12\/ginkgo-biloba-blaetter-1024x683.jpg\" class=\"attachment-large size-large wp-image-12394\" alt=\"\" srcset=\"https:\/\/earthnbirth.ch\/wp-content\/uploads\/2023\/12\/ginkgo-biloba-blaetter-1024x683.jpg 1024w, https:\/\/earthnbirth.ch\/wp-content\/uploads\/2023\/12\/ginkgo-biloba-blaetter-300x200.jpg 300w, https:\/\/earthnbirth.ch\/wp-content\/uploads\/2023\/12\/ginkgo-biloba-blaetter-768x512.jpg 768w, https:\/\/earthnbirth.ch\/wp-content\/uploads\/2023\/12\/ginkgo-biloba-blaetter-1536x1024.jpg 1536w, https:\/\/earthnbirth.ch\/wp-content\/uploads\/2023\/12\/ginkgo-biloba-blaetter-2048x1365.jpg 2048w, https:\/\/earthnbirth.ch\/wp-content\/uploads\/2023\/12\/ginkgo-biloba-blaetter-600x400.jpg 600w\" sizes=\"(max-width: 1024px) 100vw, 1024px\" \/>\t\t\t\t\t\t\t\t\t\t\t\t\t\t\t<\/div>\n\t\t\t\t<\/div>\n\t\t\t\t<div class=\"elementor-element elementor-element-e1715df elementor-widget elementor-widget-text-editor\" data-id=\"e1715df\" data-element_type=\"widget\" data-widget_type=\"text-editor.default\">\n\t\t\t\t<div class=\"elementor-widget-container\">\n\t\t\t\t\t\t\t<ul><li data-leveltext=\"%1.\" data-font=\"\" data-listid=\"1\" data-list-defn-props=\"{&quot;335552541&quot;:0,&quot;335559684&quot;:-1,&quot;335559685&quot;:720,&quot;335559991&quot;:360,&quot;469769242&quot;:[65533,0],&quot;469777803&quot;:&quot;left&quot;,&quot;469777804&quot;:&quot;%1.&quot;,&quot;469777815&quot;:&quot;multilevel&quot;}\" aria-setsize=\"-1\" data-aria-posinset=\"3\" data-aria-level=\"1\"><b><span data-contrast=\"auto\">Phytotherapie:<\/span><\/b><span data-contrast=\"auto\"> Die Kraft der Pflanzenheilkunde nutzen wir, um Deine Gesundheit zu unterst\u00fctzen. Ich setze auf nat\u00fcrliche Heilpflanzen und Kr\u00e4uter, um Beschwerden zu lindern und Deine k\u00f6rperliche Balance wiederherzustellen.<\/span><span data-ccp-props=\"{&quot;134233117&quot;:true,&quot;134233118&quot;:true,&quot;201341983&quot;:0,&quot;335559740&quot;:240}\">\u00a0<\/span><\/li><\/ul><p><span data-contrast=\"auto\">Mein Ziel ist es, Dir eine ganzheitliche Betreuung zu bieten, die Deine Gesundheit auf sanfte und nat\u00fcrliche Weise f\u00f6rdert. Lass uns gemeinsam den Weg zu Deinem besten Selbst einschlagen.<\/span><span data-ccp-props=\"{&quot;134233117&quot;:true,&quot;134233118&quot;:true,&quot;201341983&quot;:0,&quot;335559740&quot;:240}\">\u00a0<\/span><\/p><p><span data-ccp-props=\"{&quot;201341983&quot;:0,&quot;335559739&quot;:160,&quot;335559740&quot;:259}\">\u00a0<\/span><\/p>\t\t\t\t\t\t<\/div>\n\t\t\t\t<\/div>\n\t\t\t\t<\/div>\n\t\t\t\t\t<\/div>\n\t\t\t\t<\/div>\n\t\t\t\t\t\t\t<\/div>\n\t\t","protected":false},"excerpt":{"rendered":"<p>TEN TEN TRADITIONELLE EUROP\u00c4ISCHE NATURHEILKUNDE Kontaktieren Tarife Als Naturheilpraktikerin bin ich darauf spezialisiert, Ihre Gesundheit auf nat\u00fcrliche Weise zu f\u00f6rdern und zu erhalten. Mein Fokus liegt auf drei Schl\u00fcsselbereichen:&nbsp; Ern\u00e4hrung: Ich helfe Dir dabei, eine ausgewogene Ern\u00e4hrung zu entwickeln, die Deine Gesundheit und Dein Wohlbefinden unterst\u00fctzt. Gemeinsam erarbeiten wir individuelle Ern\u00e4hrungspl\u00e4ne, die auf Deine Bed\u00fcrfnisse [&hellip;]<\/p>\n","protected":false},"author":1,"featured_media":0,"parent":0,"menu_order":0,"comment_status":"closed","ping_status":"closed","template":"page-full-width.php","meta":{"footnotes":""},"class_list":["post-12309","page","type-page","status-publish","hentry"],"_links":{"self":[{"href":"https:\/\/earthnbirth.ch\/index.php\/wp-json\/wp\/v2\/pages\/12309","targetHints":{"allow":["GET"]}}],"collection":[{"href":"https:\/\/earthnbirth.ch\/index.php\/wp-json\/wp\/v2\/pages"}],"about":[{"href":"https:\/\/earthnbirth.ch\/index.php\/wp-json\/wp\/v2\/types\/page"}],"author":[{"embeddable":true,"href":"https:\/\/earthnbirth.ch\/index.php\/wp-json\/wp\/v2\/users\/1"}],"replies":[{"embeddable":true,"href":"https:\/\/earthnbirth.ch\/index.php\/wp-json\/wp\/v2\/comments?post=12309"}],"version-history":[{"count":106,"href":"https:\/\/earthnbirth.ch\/index.php\/wp-json\/wp\/v2\/pages\/12309\/revisions"}],"predecessor-version":[{"id":13228,"href":"https:\/\/earthnbirth.ch\/index.php\/wp-json\/wp\/v2\/pages\/12309\/revisions\/13228"}],"wp:attachment":[{"href":"https:\/\/earthnbirth.ch\/index.php\/wp-json\/wp\/v2\/media?parent=12309"}],"curies":[{"name":"wp","href":"https:\/\/api.w.org\/{rel}","templated":true}]}}