{"id":86,"date":"2023-04-11T11:22:46","date_gmt":"2023-04-11T11:22:46","guid":{"rendered":"https:\/\/ashtanga.qodeinteractive.com\/?page_id=86"},"modified":"2024-11-22T15:11:45","modified_gmt":"2024-11-22T15:11:45","slug":"kinderwunsch","status":"publish","type":"page","link":"https:\/\/earthnbirth.ch\/index.php\/kinderwunsch\/","title":{"rendered":"Kinderwunsch"},"content":{"rendered":"\t\t<div data-elementor-type=\"wp-page\" data-elementor-id=\"86\" class=\"elementor elementor-86\">\n\t\t\t\t\t\t\t\t\t<section class=\"elementor-section elementor-top-section elementor-element elementor-element-fffbc9c elementor-section-full_width elementor-section-height-default elementor-section-height-default\" data-id=\"fffbc9c\" data-element_type=\"section\">\n\t\t\t\t\t\t<div class=\"elementor-container elementor-column-gap-default\">\n\t\t\t\t\t<div class=\"elementor-column elementor-col-100 elementor-top-column elementor-element elementor-element-2e669cb\" data-id=\"2e669cb\" data-element_type=\"column\">\n\t\t\t<div class=\"elementor-widget-wrap elementor-element-populated\">\n\t\t\t\t\t\t\t\t<div class=\"elementor-element elementor-element-9754d28 elementor-widget elementor-widget-ashtanga_core_custom_font\" data-id=\"9754d28\" data-element_type=\"widget\" data-widget_type=\"ashtanga_core_custom_font.default\">\n\t\t\t\t<div class=\"elementor-widget-container\">\n\t\t\t<p class=\"qodef-shortcode qodef-m  qodef-custom-font qodef-custom-font-291 qodef-layout--simple   \" style=\"font-family: Edensor;font-size: 120px;line-height: 246px;text-transform: uppercase\"   >\n\t<span class=\"qodef-custom-font-inner\">\n\t\tKinderwunsch\t<\/span>\n<\/p>\n\t\t<\/div>\n\t\t\t\t<\/div>\n\t\t\t\t\t<\/div>\n\t\t<\/div>\n\t\t\t\t\t\t\t<\/div>\n\t\t<\/section>\n\t\t<div class=\"elementor-element elementor-element-551ae53 e-flex e-con-boxed e-con e-parent\" data-id=\"551ae53\" data-element_type=\"container\" data-settings=\"{&quot;content_width&quot;:&quot;boxed&quot;}\" data-core-v316-plus=\"true\">\n\t\t\t\t\t<div class=\"e-con-inner\">\n\t\t<div class=\"elementor-element elementor-element-04b569b e-con-full e-flex e-con e-child\" data-id=\"04b569b\" data-element_type=\"container\" data-settings=\"{&quot;content_width&quot;:&quot;full&quot;}\">\n\t\t<div class=\"elementor-element elementor-element-9d11d6f e-flex e-con-boxed e-con e-child\" data-id=\"9d11d6f\" data-element_type=\"container\" data-settings=\"{&quot;content_width&quot;:&quot;boxed&quot;}\">\n\t\t\t\t\t<div class=\"e-con-inner\">\n\t\t\t\t<div class=\"elementor-element elementor-element-3e574fd elementor-widget__width-auto elementor-widget elementor-widget-ashtanga_core_button\" data-id=\"3e574fd\" data-element_type=\"widget\" data-widget_type=\"ashtanga_core_button.default\">\n\t\t\t\t<div class=\"elementor-widget-container\">\n\t\t\t<a class=\"qodef-shortcode qodef-m  qodef-button qodef-layout--filled   qodef-html--link\" href=\"https:\/\/earthnbirth.ch\/index.php\/contact-us\/\" target=\"_self\"  >\n\t<span class=\"qodef-m-text\">Kontaktieren<\/span>\n<\/a>\n\t\t<\/div>\n\t\t\t\t<\/div>\n\t\t\t\t\t<\/div>\n\t\t\t\t<\/div>\n\t\t<div class=\"elementor-element elementor-element-b3b446d e-flex e-con-boxed e-con e-child\" data-id=\"b3b446d\" data-element_type=\"container\" data-settings=\"{&quot;content_width&quot;:&quot;boxed&quot;}\">\n\t\t\t\t\t<div class=\"e-con-inner\">\n\t\t\t\t<div class=\"elementor-element elementor-element-73b3f22 elementor-widget__width-auto elementor-widget elementor-widget-ashtanga_core_button\" data-id=\"73b3f22\" data-element_type=\"widget\" data-widget_type=\"ashtanga_core_button.default\">\n\t\t\t\t<div class=\"elementor-widget-container\">\n\t\t\t<a class=\"qodef-shortcode qodef-m  qodef-button qodef-layout--textual   qodef-html--link\" href=\"https:\/\/earthnbirth.ch\/index.php\/pricing-plans\/\" target=\"_self\"  >\n\t<span class=\"qodef-m-text\">Tarife<\/span>\n\t\t<svg class=\"qodef-svg--button-arrow qodef-m-arrow\" xmlns=\"http:\/\/www.w3.org\/2000\/svg\" width=\"37.833\" height=\"18.959\"\n     viewBox=\"0 0 37.833 18.959\"><path fill=\"none\" stroke=\"currentColor\" d=\"M37.828 9.371H0\"\/><path fill=\"none\" stroke=\"currentColor\" d=\"M37.83 9.48S28.651 9.403 26.143.131\"\/><path fill=\"none\" stroke=\"currentColor\" d=\"M37.83 9.479s-9.179.077-11.687 9.349\"\/><\/svg>\t<\/a>\n\t\t<\/div>\n\t\t\t\t<\/div>\n\t\t\t\t<div class=\"elementor-element elementor-element-fd161a7 elementor-widget elementor-widget-text-editor\" data-id=\"fd161a7\" data-element_type=\"widget\" data-widget_type=\"text-editor.default\">\n\t\t\t\t<div class=\"elementor-widget-container\">\n\t\t\t<style>\/*! elementor - v3.18.0 - 04-12-2023 *\/\n.elementor-widget-text-editor.elementor-drop-cap-view-stacked .elementor-drop-cap{background-color:#69727d;color:#fff}.elementor-widget-text-editor.elementor-drop-cap-view-framed .elementor-drop-cap{color:#69727d;border:3px solid;background-color:transparent}.elementor-widget-text-editor:not(.elementor-drop-cap-view-default) .elementor-drop-cap{margin-top:8px}.elementor-widget-text-editor:not(.elementor-drop-cap-view-default) .elementor-drop-cap-letter{width:1em;height:1em}.elementor-widget-text-editor .elementor-drop-cap{float:left;text-align:center;line-height:1;font-size:50px}.elementor-widget-text-editor .elementor-drop-cap-letter{display:inline-block}<\/style>\t\t\t\t<p>Der Wunsch, Eltern zu werden, ist eine au\u00dfergew\u00f6hnliche Reise, die oft von unterschiedlichen Emotionen und Herausforderungen begleitet wird. Als erfahrene Doula und Naturheilpraktikerin ist es meine Mission, dich auf dieser Reise zu unterst\u00fctzen, sowohl physisch als auch emotional.<\/p><p>Meine ganzheitliche Herangehensweise basiert auf fundiertem Fachwissen und einer einf\u00fchlsamen Betreuung, um deine individuellen Bed\u00fcrfnisse w\u00e4hrend des Kinderwunschs zu verstehen und zu begleiten. Ich biete eine Vielzahl von ganzheitlichen Methoden an, um deine k\u00f6rperliche und seelische Gesundheit zu f\u00f6rdern und die Chancen auf eine gesunde Schwangerschaft zu optimieren.<\/p><p>Durch eine Kombination aus naturheilkundlichen Ans\u00e4tzen, Ern\u00e4hrungsberatung, Entspannungstechniken und emotionaler Unterst\u00fctzung m\u00f6chte ich dich dabei unterst\u00fctzen, die bestm\u00f6gliche Grundlage f\u00fcr die Erf\u00fcllung deines Kinderwunsches zu schaffen.<\/p><p>Egal, an welchem Punkt deiner Reise du stehst \u2013 sei es bei den ersten Schritten in Richtung Elternschaft oder wenn du bereits einen Weg mit Herausforderungen zur\u00fcckgelegt hast \u2013 ich stehe dir einf\u00fchlsam zur Seite, um deine Reise zu erleichtern und dich auf dem Weg zu deinem gr\u00f6\u00dften Wunsch zu begleiten.<\/p><p>Nimm gerne Kontakt auf, um mehr dar\u00fcber zu erfahren, wie ich dich auf deiner Reise zum Elterngl\u00fcck unterst\u00fctzen kann.<\/p>\t\t\t\t\t\t<\/div>\n\t\t\t\t<\/div>\n\t\t\t\t\t<\/div>\n\t\t\t\t<\/div>\n\t\t\t\t<\/div>\n\t\t<div class=\"elementor-element elementor-element-2f2d3ef e-con-full e-flex e-con e-child\" data-id=\"2f2d3ef\" data-element_type=\"container\" data-settings=\"{&quot;content_width&quot;:&quot;full&quot;}\">\n\t\t\t\t<div class=\"elementor-element elementor-element-fe8012a elementor-widget elementor-widget-image\" data-id=\"fe8012a\" data-element_type=\"widget\" data-widget_type=\"image.default\">\n\t\t\t\t<div class=\"elementor-widget-container\">\n\t\t\t<style>\/*! elementor - v3.18.0 - 04-12-2023 *\/\n.elementor-widget-image{text-align:center}.elementor-widget-image a{display:inline-block}.elementor-widget-image a img[src$=\".svg\"]{width:48px}.elementor-widget-image img{vertical-align:middle;display:inline-block}<\/style>\t\t\t\t\t\t\t\t\t\t\t\t<img fetchpriority=\"high\" decoding=\"async\" width=\"920\" height=\"1024\" src=\"https:\/\/earthnbirth.ch\/wp-content\/uploads\/2023\/12\/IMG_5353-scaled-e1705316831918-920x1024.jpg\" class=\"attachment-large size-large wp-image-12398\" alt=\"\" srcset=\"https:\/\/earthnbirth.ch\/wp-content\/uploads\/2023\/12\/IMG_5353-scaled-e1705316831918-920x1024.jpg 920w, https:\/\/earthnbirth.ch\/wp-content\/uploads\/2023\/12\/IMG_5353-scaled-e1705316831918-270x300.jpg 270w, https:\/\/earthnbirth.ch\/wp-content\/uploads\/2023\/12\/IMG_5353-scaled-e1705316831918-768x855.jpg 768w, https:\/\/earthnbirth.ch\/wp-content\/uploads\/2023\/12\/IMG_5353-scaled-e1705316831918-1380x1536.jpg 1380w, https:\/\/earthnbirth.ch\/wp-content\/uploads\/2023\/12\/IMG_5353-scaled-e1705316831918-600x668.jpg 600w, https:\/\/earthnbirth.ch\/wp-content\/uploads\/2023\/12\/IMG_5353-scaled-e1705316831918.jpg 1702w\" sizes=\"(max-width: 920px) 100vw, 920px\" \/>\t\t\t\t\t\t\t\t\t\t\t\t\t\t\t<\/div>\n\t\t\t\t<\/div>\n\t\t\t\t<\/div>\n\t\t\t\t\t<\/div>\n\t\t\t\t<\/div>\n\t\t\t\t\t\t\t<\/div>\n\t\t","protected":false},"excerpt":{"rendered":"<p>Kinderwunsch Kontaktieren Tarife Der Wunsch, Eltern zu werden, ist eine au\u00dfergew\u00f6hnliche Reise, die oft von unterschiedlichen Emotionen und Herausforderungen begleitet wird. Als erfahrene Doula und Naturheilpraktikerin ist es meine Mission, dich auf dieser Reise zu unterst\u00fctzen, sowohl physisch als auch emotional. Meine ganzheitliche Herangehensweise basiert auf fundiertem Fachwissen und einer einf\u00fchlsamen Betreuung, um deine individuellen [&hellip;]<\/p>\n","protected":false},"author":1,"featured_media":0,"parent":0,"menu_order":0,"comment_status":"closed","ping_status":"closed","template":"page-full-width.php","meta":{"footnotes":""},"class_list":["post-86","page","type-page","status-publish","hentry"],"_links":{"self":[{"href":"https:\/\/earthnbirth.ch\/index.php\/wp-json\/wp\/v2\/pages\/86","targetHints":{"allow":["GET"]}}],"collection":[{"href":"https:\/\/earthnbirth.ch\/index.php\/wp-json\/wp\/v2\/pages"}],"about":[{"href":"https:\/\/earthnbirth.ch\/index.php\/wp-json\/wp\/v2\/types\/page"}],"author":[{"embeddable":true,"href":"https:\/\/earthnbirth.ch\/index.php\/wp-json\/wp\/v2\/users\/1"}],"replies":[{"embeddable":true,"href":"https:\/\/earthnbirth.ch\/index.php\/wp-json\/wp\/v2\/comments?post=86"}],"version-history":[{"count":58,"href":"https:\/\/earthnbirth.ch\/index.php\/wp-json\/wp\/v2\/pages\/86\/revisions"}],"predecessor-version":[{"id":13340,"href":"https:\/\/earthnbirth.ch\/index.php\/wp-json\/wp\/v2\/pages\/86\/revisions\/13340"}],"wp:attachment":[{"href":"https:\/\/earthnbirth.ch\/index.php\/wp-json\/wp\/v2\/media?parent=86"}],"curies":[{"name":"wp","href":"https:\/\/api.w.org\/{rel}","templated":true}]}}